{"id":41,"date":"2022-08-12T09:59:36","date_gmt":"2022-08-12T07:59:36","guid":{"rendered":"http:\/\/www.vincentdufrane.com\/?page_id=41"},"modified":"2022-08-16T15:28:19","modified_gmt":"2022-08-16T13:28:19","slug":"bio","status":"publish","type":"page","link":"https:\/\/www.vincentdufrane.com\/index.php\/bio\/","title":{"rendered":"\u00c0 propos"},"content":{"rendered":"\n<p>Je suis Vincent Dufrane, Vincentdufrane.com et Concertphotography.be sont un seul et m\u00eame site consacr\u00e9 \u00e0 mon travail photographique. <\/p>\n\n\n\n<p>N\u00e9 en 1975, je d\u00e9couvre la photo sur le tard, au d\u00e9but des ann\u00e9es 2000. Apr\u00e8s un apprentissage autodidacte et des premiers pas en photographie de concert gr\u00e2ce \u00e0 une tr\u00e8s agr\u00e9able collaboration avec Daan (Stuyven), je d\u00e9cide de rejoindre l&#8217;Institut des Arts et M\u00e9tiers en 2009 pour y suivre les cours de photographie aupr\u00e8s de V\u00e9ronique Vercheval, Alain Breyer et Vincenzo Chiavetta et y obtenir mon dipl\u00f4me de photographe.<\/p>\n\n\n\n<p>En 2011, j&#8217;entame une collaboration avec musiczine.net \u00e0 l&#8217;occasion du concert de Smith &amp; Burrows \u00e0 l&#8217;Ancienne Belgique. Depuis lors, je continue \u00e0 travailler pour musiczine avec plaisir.<\/p>\n","protected":false},"excerpt":{"rendered":"","protected":false},"author":1,"featured_media":0,"parent":0,"menu_order":0,"comment_status":"closed","ping_status":"closed","template":"","meta":{"footnotes":""},"class_list":["post-41","page","type-page","status-publish","hentry"],"_links":{"self":[{"href":"https:\/\/www.vincentdufrane.com\/index.php\/wp-json\/wp\/v2\/pages\/41","targetHints":{"allow":["GET"]}}],"collection":[{"href":"https:\/\/www.vincentdufrane.com\/index.php\/wp-json\/wp\/v2\/pages"}],"about":[{"href":"https:\/\/www.vincentdufrane.com\/index.php\/wp-json\/wp\/v2\/types\/page"}],"author":[{"embeddable":true,"href":"https:\/\/www.vincentdufrane.com\/index.php\/wp-json\/wp\/v2\/users\/1"}],"replies":[{"embeddable":true,"href":"https:\/\/www.vincentdufrane.com\/index.php\/wp-json\/wp\/v2\/comments?post=41"}],"version-history":[{"count":3,"href":"https:\/\/www.vincentdufrane.com\/index.php\/wp-json\/wp\/v2\/pages\/41\/revisions"}],"predecessor-version":[{"id":158,"href":"https:\/\/www.vincentdufrane.com\/index.php\/wp-json\/wp\/v2\/pages\/41\/revisions\/158"}],"wp:attachment":[{"href":"https:\/\/www.vincentdufrane.com\/index.php\/wp-json\/wp\/v2\/media?parent=41"}],"curies":[{"name":"wp","href":"https:\/\/api.w.org\/{rel}","templated":true}]}}